{"id":124,"date":"2026-04-12T12:21:39","date_gmt":"2026-04-12T15:21:39","guid":{"rendered":"https:\/\/www.alfildeiquique.cl\/web\/?page_id=124"},"modified":"2026-04-13T00:04:45","modified_gmt":"2026-04-13T03:04:45","slug":"torneo-de-ajedrez-glorias-navales-de-iquique-2026","status":"publish","type":"page","link":"https:\/\/www.alfildeiquique.cl\/web\/?page_id=124","title":{"rendered":"Torneo de Ajedrez Glorias Navales de Iquique 2026"},"content":{"rendered":"\n<p><a href=\"https:\/\/www.alfildeiquique.cl\/web\/wp-content\/uploads\/2026\/04\/BASES-TORNEO-DE-AJEDREZ-GLORIAS-NAVALES-2026A.pdf\" target=\"_blank\" rel=\"noreferrer noopener\">01.-BASES<\/a><\/p>\n\n\n\n<p><a href=\"https:\/\/www.federacionchilenadeajedrez.cl\/inscripcion\/3028\" target=\"_blank\" rel=\"noreferrer noopener\">02.-Inscripci\u00f3n en linea &#8211; Torneo INFANTIL. (Jugadores creados)<\/a><\/p>\n\n\n\n<p><a href=\"https:\/\/www.federacionchilenadeajedrez.cl\/inscripcion\/3027\" target=\"_blank\" rel=\"noreferrer noopener\">03.-Inscripci\u00f3n en linea &#8211; Torneo ABSOLUTO. (Jugadores creados)<\/a><\/p>\n\n\n\n<p><a href=\"https:\/\/www.alfildeiquique.cl\/web\/?page_id=150\" target=\"_blank\" rel=\"noreferrer noopener\">04.-Solicitud creaci\u00f3n de jugador en AJEFECH.<\/a><\/p>\n\n\n\n<figure class=\"wp-block-image size-full is-resized\"><img loading=\"lazy\" decoding=\"async\" width=\"609\" height=\"935\" src=\"https:\/\/www.alfildeiquique.cl\/web\/wp-content\/uploads\/2026\/04\/afiche-1-torneo-glorias-navales-2026A.jpg\" alt=\"\" class=\"wp-image-157\" style=\"aspect-ratio:0.651331071709086;width:510px;height:auto\" srcset=\"https:\/\/www.alfildeiquique.cl\/web\/wp-content\/uploads\/2026\/04\/afiche-1-torneo-glorias-navales-2026A.jpg 609w, https:\/\/www.alfildeiquique.cl\/web\/wp-content\/uploads\/2026\/04\/afiche-1-torneo-glorias-navales-2026A-195x300.jpg 195w\" sizes=\"auto, (max-width: 609px) 100vw, 609px\" \/><\/figure>\n","protected":false},"excerpt":{"rendered":"<p>01.-BASES 02.-Inscripci\u00f3n en linea &#8211; Torneo INFANTIL. (Jugadores creados) 03.-Inscripci\u00f3n en linea &#8211; Torneo ABSOLUTO. (Jugadores creados) 04.-Solicitud creaci\u00f3n de jugador en AJEFECH.<\/p>\n","protected":false},"author":1,"featured_media":0,"parent":0,"menu_order":0,"comment_status":"closed","ping_status":"closed","template":"","meta":{"_uag_custom_page_level_css":"","footnotes":""},"class_list":["post-124","page","type-page","status-publish"],"uagb_featured_image_src":{"full":false,"thumbnail":false,"medium":false,"medium_large":false,"large":false,"1536x1536":false,"2048x2048":false,"loop":false,"loop-related":false,"single":false,"single-full":false,"carousel":false,"widget-1post":false,"widget-2posts":false,"widget-3posts":false,"widget-small":false,"widget-2posts-large":false},"uagb_author_info":{"display_name":"jsilva","author_link":"https:\/\/www.alfildeiquique.cl\/web\/?author=1"},"uagb_comment_info":0,"uagb_excerpt":"01.-BASES 02.-Inscripci\u00f3n en linea &#8211; Torneo INFANTIL. (Jugadores creados) 03.-Inscripci\u00f3n en linea &#8211; Torneo ABSOLUTO. (Jugadores creados) 04.-Solicitud creaci\u00f3n de jugador en AJEFECH.","_links":{"self":[{"href":"https:\/\/www.alfildeiquique.cl\/web\/index.php?rest_route=\/wp\/v2\/pages\/124","targetHints":{"allow":["GET"]}}],"collection":[{"href":"https:\/\/www.alfildeiquique.cl\/web\/index.php?rest_route=\/wp\/v2\/pages"}],"about":[{"href":"https:\/\/www.alfildeiquique.cl\/web\/index.php?rest_route=\/wp\/v2\/types\/page"}],"author":[{"embeddable":true,"href":"https:\/\/www.alfildeiquique.cl\/web\/index.php?rest_route=\/wp\/v2\/users\/1"}],"replies":[{"embeddable":true,"href":"https:\/\/www.alfildeiquique.cl\/web\/index.php?rest_route=%2Fwp%2Fv2%2Fcomments&post=124"}],"version-history":[{"count":8,"href":"https:\/\/www.alfildeiquique.cl\/web\/index.php?rest_route=\/wp\/v2\/pages\/124\/revisions"}],"predecessor-version":[{"id":158,"href":"https:\/\/www.alfildeiquique.cl\/web\/index.php?rest_route=\/wp\/v2\/pages\/124\/revisions\/158"}],"wp:attachment":[{"href":"https:\/\/www.alfildeiquique.cl\/web\/index.php?rest_route=%2Fwp%2Fv2%2Fmedia&parent=124"}],"curies":[{"name":"wp","href":"https:\/\/api.w.org\/{rel}","templated":true}]}}